{"id":10910,"date":"2020-02-16T16:55:09","date_gmt":"2020-02-16T15:55:09","guid":{"rendered":"https:\/\/awesome-jones.82-165-171-139.plesk.page\/producto\/petits-pois\/"},"modified":"2025-11-28T14:17:33","modified_gmt":"2025-11-28T13:17:33","slug":"petits-pois","status":"publish","type":"product","link":"https:\/\/awesome-jones.82-165-171-139.plesk.page\/fr\/producto\/petits-pois\/","title":{"rendered":"Petits pois"},"content":{"rendered":"<p><em>Pisum sativum<\/em><\/p>\n<p><strong>Description du produit<\/strong>&nbsp;: Petits pois entiers<\/p>\n<p><strong>Origine<\/strong>&nbsp;: Espagne<\/p>\n<p><strong>Qualit\u00e9 &#8211; Caract\u00e9ristiques&nbsp;:<\/strong> Calibre moyen (diam\u00e8tre 8,8 \u00e0 10,2&nbsp;mm), calibre fin (diam\u00e8tre de 8,2 \u00e0 8,8&nbsp;mm), calibre tr\u00e8s fin (diam\u00e8tre de 7,5 \u00e0 8,2&nbsp;mm), calibre extra-fin (diam\u00e8tre inf\u00e9rieur \u00e0 7,5) \/ Avec ou sans sel<\/p>\n<p><strong>Allerg\u00e8nes<\/strong>&nbsp;: Sans allerg\u00e8ne<\/p>\n<p><strong>Certificats<\/strong>&nbsp;: IFS, BRC, \u00c9cologique<\/p>\n","protected":false},"excerpt":{"rendered":"<p>Petits pois entiers<\/p>\n","protected":false},"featured_media":10915,"comment_status":"closed","ping_status":"closed","template":"","meta":[],"product_brand":[],"product_cat":[906,910],"product_tag":[],"class_list":{"0":"post-10910","1":"product","2":"type-product","3":"status-publish","4":"has-post-thumbnail","6":"product_cat-gvtarra","7":"product_cat-legumes","9":"first","10":"instock","11":"shipping-taxable","12":"product-type-simple"},"_links":{"self":[{"href":"https:\/\/awesome-jones.82-165-171-139.plesk.page\/fr\/wp-json\/wp\/v2\/product\/10910","targetHints":{"allow":["GET"]}}],"collection":[{"href":"https:\/\/awesome-jones.82-165-171-139.plesk.page\/fr\/wp-json\/wp\/v2\/product"}],"about":[{"href":"https:\/\/awesome-jones.82-165-171-139.plesk.page\/fr\/wp-json\/wp\/v2\/types\/product"}],"replies":[{"embeddable":true,"href":"https:\/\/awesome-jones.82-165-171-139.plesk.page\/fr\/wp-json\/wp\/v2\/comments?post=10910"}],"wp:featuredmedia":[{"embeddable":true,"href":"https:\/\/awesome-jones.82-165-171-139.plesk.page\/fr\/wp-json\/wp\/v2\/media\/10915"}],"wp:attachment":[{"href":"https:\/\/awesome-jones.82-165-171-139.plesk.page\/fr\/wp-json\/wp\/v2\/media?parent=10910"}],"wp:term":[{"taxonomy":"product_brand","embeddable":true,"href":"https:\/\/awesome-jones.82-165-171-139.plesk.page\/fr\/wp-json\/wp\/v2\/product_brand?post=10910"},{"taxonomy":"product_cat","embeddable":true,"href":"https:\/\/awesome-jones.82-165-171-139.plesk.page\/fr\/wp-json\/wp\/v2\/product_cat?post=10910"},{"taxonomy":"product_tag","embeddable":true,"href":"https:\/\/awesome-jones.82-165-171-139.plesk.page\/fr\/wp-json\/wp\/v2\/product_tag?post=10910"}],"curies":[{"name":"wp","href":"https:\/\/api.w.org\/{rel}","templated":true}]}}