{"id":10889,"date":"2020-02-16T16:24:05","date_gmt":"2020-02-16T15:24:05","guid":{"rendered":"https:\/\/awesome-jones.82-165-171-139.plesk.page\/producto\/poelee-de-legumes\/"},"modified":"2025-11-28T14:17:31","modified_gmt":"2025-11-28T13:17:31","slug":"poelee-de-legumes","status":"publish","type":"product","link":"https:\/\/awesome-jones.82-165-171-139.plesk.page\/fr\/producto\/poelee-de-legumes\/","title":{"rendered":"Po\u00eal\u00e9e de l\u00e9gumes"},"content":{"rendered":"<p><strong>Description du produit<\/strong>&nbsp;: Po\u00eal\u00e9e de l\u00e9gumes (petits pois, artichauts, asperges, carottes, haricots verts et champignons)<\/p>\n<p><strong>Origine<\/strong>&nbsp;: Espagne<\/p>\n<p><strong>Qualit\u00e9 &#8211; Caract\u00e9ristiques&nbsp;:<\/strong> Avec ou sans sel<\/p>\n<p><strong>Allerg\u00e8nes<\/strong>&nbsp;: Sans<\/p>\n<p><strong>Certifications<\/strong>&nbsp;: IFS, BRC<\/p>\n","protected":false},"excerpt":{"rendered":"<p>Po\u00eal\u00e9e de l\u00e9gumes (petits pois, artichauts, asperges, carottes, haricots verts et champignons)<\/p>\n","protected":false},"featured_media":689,"comment_status":"closed","ping_status":"closed","template":"","meta":[],"product_brand":[],"product_cat":[906,910],"product_tag":[],"class_list":{"0":"post-10889","1":"product","2":"type-product","3":"status-publish","4":"has-post-thumbnail","6":"product_cat-gvtarra","7":"product_cat-legumes","9":"first","10":"instock","11":"shipping-taxable","12":"product-type-simple"},"_links":{"self":[{"href":"https:\/\/awesome-jones.82-165-171-139.plesk.page\/fr\/wp-json\/wp\/v2\/product\/10889","targetHints":{"allow":["GET"]}}],"collection":[{"href":"https:\/\/awesome-jones.82-165-171-139.plesk.page\/fr\/wp-json\/wp\/v2\/product"}],"about":[{"href":"https:\/\/awesome-jones.82-165-171-139.plesk.page\/fr\/wp-json\/wp\/v2\/types\/product"}],"replies":[{"embeddable":true,"href":"https:\/\/awesome-jones.82-165-171-139.plesk.page\/fr\/wp-json\/wp\/v2\/comments?post=10889"}],"wp:featuredmedia":[{"embeddable":true,"href":"https:\/\/awesome-jones.82-165-171-139.plesk.page\/fr\/wp-json\/wp\/v2\/media\/689"}],"wp:attachment":[{"href":"https:\/\/awesome-jones.82-165-171-139.plesk.page\/fr\/wp-json\/wp\/v2\/media?parent=10889"}],"wp:term":[{"taxonomy":"product_brand","embeddable":true,"href":"https:\/\/awesome-jones.82-165-171-139.plesk.page\/fr\/wp-json\/wp\/v2\/product_brand?post=10889"},{"taxonomy":"product_cat","embeddable":true,"href":"https:\/\/awesome-jones.82-165-171-139.plesk.page\/fr\/wp-json\/wp\/v2\/product_cat?post=10889"},{"taxonomy":"product_tag","embeddable":true,"href":"https:\/\/awesome-jones.82-165-171-139.plesk.page\/fr\/wp-json\/wp\/v2\/product_tag?post=10889"}],"curies":[{"name":"wp","href":"https:\/\/api.w.org\/{rel}","templated":true}]}}