{"id":10739,"date":"2020-02-23T21:41:53","date_gmt":"2020-02-23T20:41:53","guid":{"rendered":"https:\/\/awesome-jones.82-165-171-139.plesk.page\/producto\/champignon\/"},"modified":"2025-11-28T14:16:26","modified_gmt":"2025-11-28T13:16:26","slug":"champignon","status":"publish","type":"product","link":"https:\/\/awesome-jones.82-165-171-139.plesk.page\/fr\/producto\/champignon\/","title":{"rendered":"Champignon"},"content":{"rendered":"<p><em>Agaricus bisporus<\/em><\/p>\n<p><strong>Description du produit<\/strong>&nbsp;: Champignon entier<\/p>\n<p><strong>Origine<\/strong>&nbsp;: La Rioja &#8211; Cuenca<\/p>\n<p><strong>Qualit\u00e9 &#8211; Caract\u00e9ristiques&nbsp;:<\/strong> Gros (diam\u00e8tre &gt;30&nbsp;mm), moyens (diam\u00e8tre 20-30&nbsp;mm), fins (diam\u00e8tre 15-20&nbsp;mm), tr\u00e8s fins (diam\u00e8tre &lt;15&nbsp;mm)<\/p>\n<p><strong>Allerg\u00e8nes<\/strong>&nbsp;: Sans allerg\u00e8ne<\/p>\n<p><strong>Certifications<\/strong>&nbsp;: IFS, BRC, Kosher, Biologique<\/p>\n","protected":false},"excerpt":{"rendered":"<p>Champignon entier<\/p>\n","protected":false},"featured_media":11094,"comment_status":"closed","ping_status":"closed","template":"","meta":[],"product_brand":[],"product_cat":[915],"product_tag":[920],"class_list":{"0":"post-10739","1":"product","2":"type-product","3":"status-publish","4":"has-post-thumbnail","6":"product_cat-champignons","7":"product_tag-champignon","9":"first","10":"instock","11":"shipping-taxable","12":"product-type-simple"},"_links":{"self":[{"href":"https:\/\/awesome-jones.82-165-171-139.plesk.page\/fr\/wp-json\/wp\/v2\/product\/10739","targetHints":{"allow":["GET"]}}],"collection":[{"href":"https:\/\/awesome-jones.82-165-171-139.plesk.page\/fr\/wp-json\/wp\/v2\/product"}],"about":[{"href":"https:\/\/awesome-jones.82-165-171-139.plesk.page\/fr\/wp-json\/wp\/v2\/types\/product"}],"replies":[{"embeddable":true,"href":"https:\/\/awesome-jones.82-165-171-139.plesk.page\/fr\/wp-json\/wp\/v2\/comments?post=10739"}],"wp:featuredmedia":[{"embeddable":true,"href":"https:\/\/awesome-jones.82-165-171-139.plesk.page\/fr\/wp-json\/wp\/v2\/media\/11094"}],"wp:attachment":[{"href":"https:\/\/awesome-jones.82-165-171-139.plesk.page\/fr\/wp-json\/wp\/v2\/media?parent=10739"}],"wp:term":[{"taxonomy":"product_brand","embeddable":true,"href":"https:\/\/awesome-jones.82-165-171-139.plesk.page\/fr\/wp-json\/wp\/v2\/product_brand?post=10739"},{"taxonomy":"product_cat","embeddable":true,"href":"https:\/\/awesome-jones.82-165-171-139.plesk.page\/fr\/wp-json\/wp\/v2\/product_cat?post=10739"},{"taxonomy":"product_tag","embeddable":true,"href":"https:\/\/awesome-jones.82-165-171-139.plesk.page\/fr\/wp-json\/wp\/v2\/product_tag?post=10739"}],"curies":[{"name":"wp","href":"https:\/\/api.w.org\/{rel}","templated":true}]}}