{"id":10711,"date":"2020-02-16T21:53:49","date_gmt":"2020-02-16T20:53:49","guid":{"rendered":"https:\/\/awesome-jones.82-165-171-139.plesk.page\/producto\/champignon-lamine\/"},"modified":"2025-11-28T14:16:22","modified_gmt":"2025-11-28T13:16:22","slug":"champignon-lamine","status":"publish","type":"product","link":"https:\/\/awesome-jones.82-165-171-139.plesk.page\/fr\/producto\/champignon-lamine\/","title":{"rendered":"Champignon lamin\u00e9"},"content":{"rendered":"<p><em>Agaricus bisporus<\/em><\/p>\n<p><strong>Description du produit<\/strong>&nbsp;: Champignon lamin\u00e9<\/p>\n<p><strong>Origine<\/strong>&nbsp;: La Rioja &#8211; Cuenca<\/p>\n<p><strong>Qualit\u00e9 &#8211; Caract\u00e9ristiques&nbsp;:<\/strong> Extra&nbsp;: lamin\u00e9 \u00e0 partir de calibr\u00e9 entier<\/p>\n<p><strong>Allerg\u00e8nes<\/strong>&nbsp;: Libre<\/p>\n<p><strong>Certificats<\/strong>&nbsp;: IFS, BRC, Casher, Biologique<\/p>\n","protected":false},"excerpt":{"rendered":"<p>Champignon lamin\u00e9<\/p>\n","protected":false},"featured_media":11121,"comment_status":"closed","ping_status":"closed","template":"","meta":[],"product_brand":[],"product_cat":[915],"product_tag":[916],"class_list":{"0":"post-10711","1":"product","2":"type-product","3":"status-publish","4":"has-post-thumbnail","6":"product_cat-champignons","7":"product_tag-champignon-lamine","9":"first","10":"instock","11":"shipping-taxable","12":"product-type-simple"},"_links":{"self":[{"href":"https:\/\/awesome-jones.82-165-171-139.plesk.page\/fr\/wp-json\/wp\/v2\/product\/10711","targetHints":{"allow":["GET"]}}],"collection":[{"href":"https:\/\/awesome-jones.82-165-171-139.plesk.page\/fr\/wp-json\/wp\/v2\/product"}],"about":[{"href":"https:\/\/awesome-jones.82-165-171-139.plesk.page\/fr\/wp-json\/wp\/v2\/types\/product"}],"replies":[{"embeddable":true,"href":"https:\/\/awesome-jones.82-165-171-139.plesk.page\/fr\/wp-json\/wp\/v2\/comments?post=10711"}],"wp:featuredmedia":[{"embeddable":true,"href":"https:\/\/awesome-jones.82-165-171-139.plesk.page\/fr\/wp-json\/wp\/v2\/media\/11121"}],"wp:attachment":[{"href":"https:\/\/awesome-jones.82-165-171-139.plesk.page\/fr\/wp-json\/wp\/v2\/media?parent=10711"}],"wp:term":[{"taxonomy":"product_brand","embeddable":true,"href":"https:\/\/awesome-jones.82-165-171-139.plesk.page\/fr\/wp-json\/wp\/v2\/product_brand?post=10711"},{"taxonomy":"product_cat","embeddable":true,"href":"https:\/\/awesome-jones.82-165-171-139.plesk.page\/fr\/wp-json\/wp\/v2\/product_cat?post=10711"},{"taxonomy":"product_tag","embeddable":true,"href":"https:\/\/awesome-jones.82-165-171-139.plesk.page\/fr\/wp-json\/wp\/v2\/product_tag?post=10711"}],"curies":[{"name":"wp","href":"https:\/\/api.w.org\/{rel}","templated":true}]}}