{"id":10651,"date":"2020-02-16T16:31:32","date_gmt":"2020-02-16T15:31:32","guid":{"rendered":"https:\/\/awesome-jones.82-165-171-139.plesk.page\/producto\/coeurs-dartichauts-entiers-et-en-moities\/"},"modified":"2025-11-28T14:16:17","modified_gmt":"2025-11-28T13:16:17","slug":"coeurs-dartichauts-entiers-et-en-moities","status":"publish","type":"product","link":"https:\/\/awesome-jones.82-165-171-139.plesk.page\/fr\/producto\/coeurs-dartichauts-entiers-et-en-moities\/","title":{"rendered":"C\u0153urs d&rsquo;artichauts entiers et en moiti\u00e9s"},"content":{"rendered":"<p><em>Cynara scolymus<\/em><\/p>\n<p><strong>Description du produit<\/strong>&nbsp;: C\u0153urs d&rsquo;artichauts entiers et coup\u00e9s en moiti\u00e9s<\/p>\n<p><strong>Origine<\/strong>&nbsp;: Espagne<\/p>\n<p><strong>Qualit\u00e9 &#8211; Caract\u00e9ristiques&nbsp;:<\/strong> Avec ou sans sel<\/p>\n<p><strong>Allerg\u00e8nes<\/strong>&nbsp;: Libre<\/p>\n<p><strong>Certifications<\/strong>&nbsp;: IFS, BRC, Biologique, ISO 14001<\/p>\n","protected":false},"excerpt":{"rendered":"<p>C\u0153urs d&rsquo;artichauts entiers et coup\u00e9s en moiti\u00e9s<\/p>\n","protected":false},"featured_media":690,"comment_status":"closed","ping_status":"closed","template":"","meta":[],"product_brand":[],"product_cat":[906,910],"product_tag":[912],"class_list":{"0":"post-10651","1":"product","2":"type-product","3":"status-publish","4":"has-post-thumbnail","6":"product_cat-gvtarra","7":"product_cat-legumes","8":"product_tag-coeurs-dartichauts-entiers-et-en-moities","10":"first","11":"instock","12":"shipping-taxable","13":"product-type-simple"},"_links":{"self":[{"href":"https:\/\/awesome-jones.82-165-171-139.plesk.page\/fr\/wp-json\/wp\/v2\/product\/10651","targetHints":{"allow":["GET"]}}],"collection":[{"href":"https:\/\/awesome-jones.82-165-171-139.plesk.page\/fr\/wp-json\/wp\/v2\/product"}],"about":[{"href":"https:\/\/awesome-jones.82-165-171-139.plesk.page\/fr\/wp-json\/wp\/v2\/types\/product"}],"replies":[{"embeddable":true,"href":"https:\/\/awesome-jones.82-165-171-139.plesk.page\/fr\/wp-json\/wp\/v2\/comments?post=10651"}],"wp:featuredmedia":[{"embeddable":true,"href":"https:\/\/awesome-jones.82-165-171-139.plesk.page\/fr\/wp-json\/wp\/v2\/media\/690"}],"wp:attachment":[{"href":"https:\/\/awesome-jones.82-165-171-139.plesk.page\/fr\/wp-json\/wp\/v2\/media?parent=10651"}],"wp:term":[{"taxonomy":"product_brand","embeddable":true,"href":"https:\/\/awesome-jones.82-165-171-139.plesk.page\/fr\/wp-json\/wp\/v2\/product_brand?post=10651"},{"taxonomy":"product_cat","embeddable":true,"href":"https:\/\/awesome-jones.82-165-171-139.plesk.page\/fr\/wp-json\/wp\/v2\/product_cat?post=10651"},{"taxonomy":"product_tag","embeddable":true,"href":"https:\/\/awesome-jones.82-165-171-139.plesk.page\/fr\/wp-json\/wp\/v2\/product_tag?post=10651"}],"curies":[{"name":"wp","href":"https:\/\/api.w.org\/{rel}","templated":true}]}}