{"id":10602,"date":"2020-02-16T13:34:59","date_gmt":"2020-02-16T12:34:59","guid":{"rendered":"https:\/\/awesome-jones.82-165-171-139.plesk.page\/producto\/haricots-verts-ronds-coupes-en-morceaux\/"},"modified":"2025-11-28T14:16:11","modified_gmt":"2025-11-28T13:16:11","slug":"haricots-verts-ronds-coupes-en-morceaux","status":"publish","type":"product","link":"https:\/\/awesome-jones.82-165-171-139.plesk.page\/fr\/producto\/haricots-verts-ronds-coupes-en-morceaux\/","title":{"rendered":"Haricots verts ronds coup\u00e9s en morceaux"},"content":{"rendered":"<p><em>Phaseolus vulgaris<\/em><\/p>\n<p><strong>Description du produit<\/strong>&nbsp;: Haricots verts ronds coup\u00e9s en morceaux<\/p>\n<p><strong>Origine<\/strong>&nbsp;: Landes, France<\/p>\n<p><strong>Qualit\u00e9 &#8211; Caract\u00e9ristiques&nbsp;:<\/strong> Moyennes (diam\u00e8tre &gt;10 mm), fines (diam\u00e8tre entre 8,5 et 10 mm), extra-fines (diam\u00e8tre entre 7 et 8,5 mm) \/ Avec ou sans sel<\/p>\n<p><strong>Allerg\u00e8nes<\/strong>&nbsp;: Libre<\/p>\n<p><strong>Certificats<\/strong>&nbsp;: IFS, BRC, \u00c9cologique<\/p>\n","protected":false},"excerpt":{"rendered":"<p>Haricots verts ronds coup\u00e9s en morceaux<\/p>\n","protected":false},"featured_media":652,"comment_status":"closed","ping_status":"closed","template":"","meta":[],"product_brand":[],"product_cat":[910],"product_tag":[],"class_list":{"0":"post-10602","1":"product","2":"type-product","3":"status-publish","4":"has-post-thumbnail","6":"product_cat-legumes","8":"first","9":"instock","10":"shipping-taxable","11":"product-type-simple"},"_links":{"self":[{"href":"https:\/\/awesome-jones.82-165-171-139.plesk.page\/fr\/wp-json\/wp\/v2\/product\/10602","targetHints":{"allow":["GET"]}}],"collection":[{"href":"https:\/\/awesome-jones.82-165-171-139.plesk.page\/fr\/wp-json\/wp\/v2\/product"}],"about":[{"href":"https:\/\/awesome-jones.82-165-171-139.plesk.page\/fr\/wp-json\/wp\/v2\/types\/product"}],"replies":[{"embeddable":true,"href":"https:\/\/awesome-jones.82-165-171-139.plesk.page\/fr\/wp-json\/wp\/v2\/comments?post=10602"}],"wp:featuredmedia":[{"embeddable":true,"href":"https:\/\/awesome-jones.82-165-171-139.plesk.page\/fr\/wp-json\/wp\/v2\/media\/652"}],"wp:attachment":[{"href":"https:\/\/awesome-jones.82-165-171-139.plesk.page\/fr\/wp-json\/wp\/v2\/media?parent=10602"}],"wp:term":[{"taxonomy":"product_brand","embeddable":true,"href":"https:\/\/awesome-jones.82-165-171-139.plesk.page\/fr\/wp-json\/wp\/v2\/product_brand?post=10602"},{"taxonomy":"product_cat","embeddable":true,"href":"https:\/\/awesome-jones.82-165-171-139.plesk.page\/fr\/wp-json\/wp\/v2\/product_cat?post=10602"},{"taxonomy":"product_tag","embeddable":true,"href":"https:\/\/awesome-jones.82-165-171-139.plesk.page\/fr\/wp-json\/wp\/v2\/product_tag?post=10602"}],"curies":[{"name":"wp","href":"https:\/\/api.w.org\/{rel}","templated":true}]}}