{"id":10218,"date":"2025-11-10T14:23:21","date_gmt":"2025-11-10T13:23:21","guid":{"rendered":"https:\/\/awesome-jones.82-165-171-139.plesk.page\/marque-gvtarra\/"},"modified":"2025-12-02T11:25:42","modified_gmt":"2025-12-02T10:25:42","slug":"marque-gvtarra","status":"publish","type":"page","link":"https:\/\/awesome-jones.82-165-171-139.plesk.page\/fr\/marque-gvtarra\/","title":{"rendered":"Marque-Gvtarra"},"content":{"rendered":"\t\t<div data-elementor-type=\"wp-page\" data-elementor-id=\"10218\" class=\"elementor elementor-10218 elementor-8993\" data-elementor-post-type=\"page\">\n\t\t\t\t<div class=\"elementor-element elementor-element-1ad2097 e-con-full e-flex e-con e-parent\" data-id=\"1ad2097\" data-element_type=\"container\">\n\t\t<div class=\"elementor-element elementor-element-d2acb51 e-con-full e-flex e-con e-child\" data-id=\"d2acb51\" data-element_type=\"container\" data-settings=\"{&quot;background_background&quot;:&quot;slideshow&quot;,&quot;background_slideshow_gallery&quot;:[{&quot;id&quot;:10211,&quot;url&quot;:&quot;https:\\\/\\\/awesome-jones.82-165-171-139.plesk.page\\\/wp-content\\\/uploads\\\/2025\\\/11\\\/foto-portada-1.webp&quot;},{&quot;id&quot;:10212,&quot;url&quot;:&quot;https:\\\/\\\/awesome-jones.82-165-171-139.plesk.page\\\/wp-content\\\/uploads\\\/2025\\\/11\\\/foto-portada-2.webp&quot;}],&quot;background_slideshow_slide_transition&quot;:&quot;slide_left&quot;,&quot;background_slideshow_transition_duration&quot;:2500,&quot;background_slideshow_loop&quot;:&quot;yes&quot;,&quot;background_slideshow_slide_duration&quot;:5000}\">\n\t\t\t\t<div class=\"elementor-element elementor-element-83dd7e5 elementor-widget elementor-widget-image\" data-id=\"83dd7e5\" data-element_type=\"widget\" data-widget_type=\"image.default\">\n\t\t\t\t<div class=\"elementor-widget-container\">\n\t\t\t\t\t\t\t\t\t\t\t\t\t\t\t<img decoding=\"async\" width=\"160\" height=\"91\" src=\"https:\/\/awesome-jones.82-165-171-139.plesk.page\/wp-content\/uploads\/2025\/11\/Marcas.png\" class=\"attachment-full size-full wp-image-10210\" alt=\"\" srcset=\"https:\/\/awesome-jones.82-165-171-139.plesk.page\/wp-content\/uploads\/2025\/11\/Marcas.png 160w, https:\/\/awesome-jones.82-165-171-139.plesk.page\/wp-content\/uploads\/2025\/11\/Marcas-24x14.png 24w, https:\/\/awesome-jones.82-165-171-139.plesk.page\/wp-content\/uploads\/2025\/11\/Marcas-36x20.png 36w, https:\/\/awesome-jones.82-165-171-139.plesk.page\/wp-content\/uploads\/2025\/11\/Marcas-48x27.png 48w\" sizes=\"(max-width: 160px) 100vw, 160px\" \/>\t\t\t\t\t\t\t\t\t\t\t\t\t\t\t<\/div>\n\t\t\t\t<\/div>\n\t\t\t\t<div class=\"elementor-element elementor-element-25c882e elementor-widget__width-initial elementor-widget elementor-widget-heading\" data-id=\"25c882e\" data-element_type=\"widget\" data-widget_type=\"heading.default\">\n\t\t\t\t<div class=\"elementor-widget-container\">\n\t\t\t\t\t<div class=\"elementor-heading-title elementor-size-default\">L'authentique saveur du potager navarrais<\/div>\t\t\t\t<\/div>\n\t\t\t\t<\/div>\n\t\t\t\t<\/div>\n\t\t\t\t<\/div>\n\t\t<div class=\"elementor-element elementor-element-9c61398 e-con-full e-flex e-con e-parent\" data-id=\"9c61398\" data-element_type=\"container\" data-settings=\"{&quot;background_background&quot;:&quot;classic&quot;}\">\n\t\t<div class=\"elementor-element elementor-element-1136b9e e-con-full e-flex e-con e-child\" data-id=\"1136b9e\" data-element_type=\"container\">\n\t\t<div class=\"elementor-element elementor-element-4938078 e-con-full e-flex e-con e-child\" data-id=\"4938078\" data-element_type=\"container\">\n\t\t\t\t<div class=\"elementor-element elementor-element-b3a00fd elementor-widget__width-initial elementor-widget elementor-widget-heading\" data-id=\"b3a00fd\" data-element_type=\"widget\" data-widget_type=\"heading.default\">\n\t\t\t\t<div class=\"elementor-widget-container\">\n\t\t\t\t\t<div class=\"elementor-heading-title elementor-size-default\">Une tradition qui se ressent \u00e0 chaque bouch\u00e9e<\/div>\t\t\t\t<\/div>\n\t\t\t\t<\/div>\n\t\t\t\t<div class=\"elementor-element elementor-element-01a5e7f elementor-widget__width-initial elementor-widget elementor-widget-text-editor\" data-id=\"01a5e7f\" data-element_type=\"widget\" data-widget_type=\"text-editor.default\">\n\t\t\t\t<div class=\"elementor-widget-container\">\n\t\t\t\t\t\t\t\t\t<p>Gvtarra est n\u00e9e de l&rsquo;amour pour notre terre, la Navarre. Nous s\u00e9lectionnons les meilleurs l\u00e9gumes pour apporter \u00e0 votre table des conserves qui maintiennent intacts la saveur, la texture et les nutriments du produit fra\u00eechement r\u00e9colt\u00e9. Gvtarra est synonyme de qualit\u00e9, de confiance et de respect de l&rsquo;origine.  <\/p>\t\t\t\t\t\t\t\t<\/div>\n\t\t\t\t<\/div>\n\t\t\t\t<\/div>\n\t\t<div class=\"elementor-element elementor-element-9e608a5 e-con-full e-flex e-con e-child\" data-id=\"9e608a5\" data-element_type=\"container\" data-settings=\"{&quot;background_background&quot;:&quot;slideshow&quot;,&quot;background_slideshow_gallery&quot;:[{&quot;id&quot;:10213,&quot;url&quot;:&quot;https:\\\/\\\/awesome-jones.82-165-171-139.plesk.page\\\/wp-content\\\/uploads\\\/2025\\\/11\\\/tradicion-que-se-siente-en-cada-bocado-1.webp&quot;},{&quot;id&quot;:10214,&quot;url&quot;:&quot;https:\\\/\\\/awesome-jones.82-165-171-139.plesk.page\\\/wp-content\\\/uploads\\\/2025\\\/11\\\/tradicion-que-se-siente-en-cada-bocado-2.jpg&quot;},{&quot;id&quot;:10215,&quot;url&quot;:&quot;https:\\\/\\\/awesome-jones.82-165-171-139.plesk.page\\\/wp-content\\\/uploads\\\/2025\\\/11\\\/tradicion-que-se-siente-en-cada-bocado.jpg&quot;}],&quot;background_slideshow_slide_duration&quot;:3500,&quot;background_slideshow_slide_transition&quot;:&quot;slide_left&quot;,&quot;background_slideshow_transition_duration&quot;:2500,&quot;background_slideshow_loop&quot;:&quot;yes&quot;}\">\n\t\t\t\t<\/div>\n\t\t\t\t<\/div>\n\t\t\t\t<\/div>\n\t\t<div class=\"elementor-element elementor-element-98667f4 e-con-full e-flex e-con e-parent\" data-id=\"98667f4\" data-element_type=\"container\" data-settings=\"{&quot;background_background&quot;:&quot;classic&quot;}\">\n\t\t<div class=\"elementor-element elementor-element-dd9559c e-con-full e-flex e-con e-child\" data-id=\"dd9559c\" data-element_type=\"container\">\n\t\t\t\t<\/div>\n\t\t<div class=\"elementor-element elementor-element-92d06da e-con-full e-flex e-con e-child\" data-id=\"92d06da\" data-element_type=\"container\">\n\t\t<div class=\"elementor-element elementor-element-92c7b5b e-con-full e-flex e-con e-child\" data-id=\"92c7b5b\" data-element_type=\"container\">\n\t\t<div class=\"elementor-element elementor-element-db2a2fb e-con-full e-flex e-con e-child\" data-id=\"db2a2fb\" data-element_type=\"container\">\n\t\t<div class=\"elementor-element elementor-element-928ed9b e-con-full elementor-hidden-tablet elementor-hidden-mobile e-flex e-con e-child\" data-id=\"928ed9b\" data-element_type=\"container\">\n\t\t\t\t<div class=\"elementor-element elementor-element-1ceae4a elementor-widget elementor-widget-image\" data-id=\"1ceae4a\" data-element_type=\"widget\" data-widget_type=\"image.default\">\n\t\t\t\t<div class=\"elementor-widget-container\">\n\t\t\t\t\t\t\t\t\t\t\t\t\t\t\t<img decoding=\"async\" width=\"191\" height=\"191\" src=\"https:\/\/awesome-jones.82-165-171-139.plesk.page\/wp-content\/uploads\/2025\/11\/Fabricantes.svg\" class=\"attachment-full size-full wp-image-10132\" alt=\"\" \/>\t\t\t\t\t\t\t\t\t\t\t\t\t\t\t<\/div>\n\t\t\t\t<\/div>\n\t\t\t\t<\/div>\n\t\t\t\t<div class=\"elementor-element elementor-element-cbca237 elementor-widget__width-initial elementor-widget elementor-widget-heading\" data-id=\"cbca237\" data-element_type=\"widget\" data-widget_type=\"heading.default\">\n\t\t\t\t<div class=\"elementor-widget-container\">\n\t\t\t\t\t<div class=\"elementor-heading-title elementor-size-default\">Nos produits<\/div>\t\t\t\t<\/div>\n\t\t\t\t<\/div>\n\t\t\t\t<\/div>\n\t\t\t\t<\/div>\n\t\t\t\t<\/div>\n\t\t<div class=\"elementor-element elementor-element-65071a9 e-con-full e-flex e-con e-child\" data-id=\"65071a9\" data-element_type=\"container\">\n\t\t\t\t<\/div>\n\t\t\t\t<\/div>\n\t\t<div class=\"elementor-element elementor-element-6d80ef4 e-con-full e-flex e-con e-parent\" data-id=\"6d80ef4\" data-element_type=\"container\" data-settings=\"{&quot;background_background&quot;:&quot;classic&quot;}\">\n\t\t<div class=\"elementor-element elementor-element-e3fcb44 e-con-full e-flex e-con e-child\" data-id=\"e3fcb44\" data-element_type=\"container\">\n\t\t<div class=\"elementor-element elementor-element-fba6e2e e-con-full e-flex e-con e-child\" data-id=\"fba6e2e\" data-element_type=\"container\">\n\t\t\t\t<div class=\"elementor-element elementor-element-caa307a elementor-widget__width-initial elementor-widget elementor-widget-heading\" data-id=\"caa307a\" data-element_type=\"widget\" data-widget_type=\"heading.default\">\n\t\t\t\t<div class=\"elementor-widget-container\">\n\t\t\t\t\t<div class=\"elementor-heading-title elementor-size-default\">D\u00e9couvrez le monde Gvtarra<\/div>\t\t\t\t<\/div>\n\t\t\t\t<\/div>\n\t\t\t\t<div class=\"elementor-element elementor-element-8b42c17 elementor-widget__width-initial elementor-widget elementor-widget-text-editor\" data-id=\"8b42c17\" data-element_type=\"widget\" data-widget_type=\"text-editor.default\">\n\t\t\t\t<div class=\"elementor-widget-container\">\n\t\t\t\t\t\t\t\t\t<p>Gvtarra est synonyme d&rsquo;origine, de qualit\u00e9 et d&rsquo;engagement envers le naturel, l&rsquo;authentique<\/p>\t\t\t\t\t\t\t\t<\/div>\n\t\t\t\t<\/div>\n\t\t<a class=\"elementor-element elementor-element-f4c11f6 e-con-full e-flex e-con e-child\" data-id=\"f4c11f6\" data-element_type=\"container\" href=\"#elementor-action%3Aaction%3Dpopup%3Aopen%26settings%3DeyJpZCI6MTAzMjQsInRvZ2dsZSI6ZmFsc2V9\">\n\t\t<div class=\"elementor-element elementor-element-c8073f6 e-con-full e-flex e-con e-child\" data-id=\"c8073f6\" data-element_type=\"container\" data-settings=\"{&quot;background_background&quot;:&quot;classic&quot;}\">\n\t\t\t\t<div class=\"elementor-element elementor-element-98c4ab4 elementor-widget__width-initial texto-boton elementor-widget elementor-widget-heading\" data-id=\"98c4ab4\" data-element_type=\"widget\" data-widget_type=\"heading.default\">\n\t\t\t\t<div class=\"elementor-widget-container\">\n\t\t\t\t\t<div class=\"elementor-heading-title elementor-size-default\">T\u00e9l\u00e9charger le catalogue<\/div>\t\t\t\t<\/div>\n\t\t\t\t<\/div>\n\t\t\t\t<\/div>\n\t\t<a class=\"elementor-element elementor-element-00e93aa e-con-full e-flex e-con e-child\" data-id=\"00e93aa\" data-element_type=\"container\" data-settings=\"{&quot;background_background&quot;:&quot;classic&quot;}\" href=\"https:\/\/awesome-jones.82-165-171-139.plesk.page\/fr\/contact\/\">\n\t\t\t\t<div class=\"elementor-element elementor-element-f38a96d elementor-widget__width-initial elementor-widget elementor-widget-heading\" data-id=\"f38a96d\" data-element_type=\"widget\" data-widget_type=\"heading.default\">\n\t\t\t\t<div class=\"elementor-widget-container\">\n\t\t\t\t\t<div class=\"elementor-heading-title elementor-size-default\">On en parle&nbsp;?<\/div>\t\t\t\t<\/div>\n\t\t\t\t<\/div>\n\t\t\t\t<div class=\"elementor-element elementor-element-d5d8f44 flecha-boton elementor-widget elementor-widget-image\" data-id=\"d5d8f44\" data-element_type=\"widget\" data-widget_type=\"image.default\">\n\t\t\t\t<div class=\"elementor-widget-container\">\n\t\t\t\t\t\t\t\t\t\t\t\t\t\t\t<img decoding=\"async\" width=\"24\" height=\"24\" src=\"https:\/\/awesome-jones.82-165-171-139.plesk.page\/wp-content\/uploads\/2025\/11\/173d041dc72fcbc0c99ffb43c99ed628.png\" class=\"attachment-full size-full wp-image-10189\" alt=\"\" \/>\t\t\t\t\t\t\t\t\t\t\t\t\t\t\t<\/div>\n\t\t\t\t<\/div>\n\t\t\t\t<\/a>\n\t\t\t\t<\/a>\n\t\t\t\t<\/div>\n\t\t<div class=\"elementor-element elementor-element-202ca40 e-con-full e-flex e-con e-child\" data-id=\"202ca40\" data-element_type=\"container\">\n\t\t\t\t<div class=\"elementor-element elementor-element-9f134b2 elementor-widget elementor-widget-video\" data-id=\"9f134b2\" data-element_type=\"widget\" data-settings=\"{&quot;video_type&quot;:&quot;hosted&quot;,&quot;autoplay&quot;:&quot;yes&quot;,&quot;mute&quot;:&quot;yes&quot;,&quot;loop&quot;:&quot;yes&quot;,&quot;controls&quot;:&quot;yes&quot;}\" data-widget_type=\"video.default\">\n\t\t\t\t<div class=\"elementor-widget-container\">\n\t\t\t\t\t\t\t<div class=\"e-hosted-video elementor-wrapper elementor-open-inline\">\n\t\t\t\t\t<video class=\"elementor-video\" src=\"https:\/\/files.catbox.moe\/6xgbdd.webm\" autoplay=\"\" loop=\"\" controls=\"\" muted=\"muted\" controlsList=\"nodownload\"><\/video>\n\t\t\t\t<\/div>\n\t\t\t\t\t\t<\/div>\n\t\t\t\t<\/div>\n\t\t\t\t<\/div>\n\t\t\t\t<\/div>\n\t\t\t\t<\/div>\n\t\t<div class=\"elementor-element elementor-element-35d5cd2 e-con-full e-flex e-con e-parent\" data-id=\"35d5cd2\" data-element_type=\"container\" data-settings=\"{&quot;background_background&quot;:&quot;classic&quot;}\">\n\t\t<div class=\"elementor-element elementor-element-8335846 e-con-full e-flex e-con e-child\" data-id=\"8335846\" data-element_type=\"container\">\n\t\t<div class=\"elementor-element elementor-element-7d494d9 e-con-full e-flex e-con e-child\" data-id=\"7d494d9\" data-element_type=\"container\">\n\t\t\t\t<div class=\"elementor-element elementor-element-5c50834 elementor-widget__width-initial elementor-widget elementor-widget-heading\" data-id=\"5c50834\" data-element_type=\"widget\" data-widget_type=\"heading.default\">\n\t\t\t\t<div class=\"elementor-widget-container\">\n\t\t\t\t\t<div class=\"elementor-heading-title elementor-size-default\">Garantie The Real Green food<\/div>\t\t\t\t<\/div>\n\t\t\t\t<\/div>\n\t\t\t\t<div class=\"elementor-element elementor-element-2098360 elementor-widget__width-initial elementor-widget elementor-widget-text-editor\" data-id=\"2098360\" data-element_type=\"widget\" data-widget_type=\"text-editor.default\">\n\t\t\t\t<div class=\"elementor-widget-container\">\n\t\t\t\t\t\t\t\t\t<p>Derri\u00e8re chaque produit Gvtarra se trouve la s\u00e9curit\u00e9 de celui qui conna\u00eet son origine, respecte son essence et contr\u00f4le chaque \u00e9tape du processus. <br><br>Chez The Real Green Food, nous cultivons votre confiance, nous sommes anim\u00e9s par la proximit\u00e9, la responsabilit\u00e9 et la capacit\u00e9 de r\u00e9pondre avec des solutions sur mesure. Parce que lorsque chaque d\u00e9tail compte, avoir une \u00e9quipe qui comprend le chemin fait toute la diff\u00e9rence. Et nous sommes l\u00e0 pour rendre cela possible.  <\/p>\t\t\t\t\t\t\t\t<\/div>\n\t\t\t\t<\/div>\n\t\t\t\t<\/div>\n\t\t<div class=\"elementor-element elementor-element-04cd1af e-con-full e-flex e-con e-child\" data-id=\"04cd1af\" data-element_type=\"container\">\n\t\t<div class=\"elementor-element elementor-element-3bfc523 e-con-full e-flex e-con e-child\" data-id=\"3bfc523\" data-element_type=\"container\">\n\t\t\t\t<div class=\"elementor-element elementor-element-0f88366 elementor-widget elementor-widget-image\" data-id=\"0f88366\" data-element_type=\"widget\" data-widget_type=\"image.default\">\n\t\t\t\t<div class=\"elementor-widget-container\">\n\t\t\t\t\t\t\t\t\t\t\t\t\t\t\t<img loading=\"lazy\" decoding=\"async\" width=\"42\" height=\"42\" src=\"https:\/\/awesome-jones.82-165-171-139.plesk.page\/wp-content\/uploads\/2025\/11\/Vector.png\" class=\"attachment-full size-full wp-image-10140\" alt=\"\" srcset=\"https:\/\/awesome-jones.82-165-171-139.plesk.page\/wp-content\/uploads\/2025\/11\/Vector.png 42w, https:\/\/awesome-jones.82-165-171-139.plesk.page\/wp-content\/uploads\/2025\/11\/Vector-24x24.png 24w, https:\/\/awesome-jones.82-165-171-139.plesk.page\/wp-content\/uploads\/2025\/11\/Vector-36x36.png 36w\" sizes=\"(max-width: 42px) 100vw, 42px\" \/>\t\t\t\t\t\t\t\t\t\t\t\t\t\t\t<\/div>\n\t\t\t\t<\/div>\n\t\t\t\t<div class=\"elementor-element elementor-element-71fdac8 elementor-widget__width-initial elementor-widget elementor-widget-heading\" data-id=\"71fdac8\" data-element_type=\"widget\" data-widget_type=\"heading.default\">\n\t\t\t\t<div class=\"elementor-widget-container\">\n\t\t\t\t\t<div class=\"elementor-heading-title elementor-size-default\">Nous sommes socialement durables<\/div>\t\t\t\t<\/div>\n\t\t\t\t<\/div>\n\t\t\t\t<\/div>\n\t\t<div class=\"elementor-element elementor-element-237710b e-con-full e-flex e-con e-child\" data-id=\"237710b\" data-element_type=\"container\">\n\t\t\t\t<div class=\"elementor-element elementor-element-f688e9b elementor-widget elementor-widget-image\" data-id=\"f688e9b\" data-element_type=\"widget\" data-widget_type=\"image.default\">\n\t\t\t\t<div class=\"elementor-widget-container\">\n\t\t\t\t\t\t\t\t\t\t\t\t\t\t\t<img loading=\"lazy\" decoding=\"async\" width=\"42\" height=\"28\" src=\"https:\/\/awesome-jones.82-165-171-139.plesk.page\/wp-content\/uploads\/2025\/11\/Vector-1.png\" class=\"attachment-full size-full wp-image-10141\" alt=\"\" srcset=\"https:\/\/awesome-jones.82-165-171-139.plesk.page\/wp-content\/uploads\/2025\/11\/Vector-1.png 42w, https:\/\/awesome-jones.82-165-171-139.plesk.page\/wp-content\/uploads\/2025\/11\/Vector-1-24x16.png 24w, https:\/\/awesome-jones.82-165-171-139.plesk.page\/wp-content\/uploads\/2025\/11\/Vector-1-36x24.png 36w\" sizes=\"(max-width: 42px) 100vw, 42px\" \/>\t\t\t\t\t\t\t\t\t\t\t\t\t\t\t<\/div>\n\t\t\t\t<\/div>\n\t\t\t\t<div class=\"elementor-element elementor-element-1c6bb23 elementor-widget__width-initial elementor-widget elementor-widget-heading\" data-id=\"1c6bb23\" data-element_type=\"widget\" data-widget_type=\"heading.default\">\n\t\t\t\t<div class=\"elementor-widget-container\">\n\t\t\t\t\t<div class=\"elementor-heading-title elementor-size-default\">Nous contribuons \u00e0 une alimentation saine<\/div>\t\t\t\t<\/div>\n\t\t\t\t<\/div>\n\t\t\t\t<\/div>\n\t\t<div class=\"elementor-element elementor-element-0753add e-con-full e-flex e-con e-child\" data-id=\"0753add\" data-element_type=\"container\">\n\t\t\t\t<div class=\"elementor-element elementor-element-98e06d0 elementor-widget elementor-widget-image\" data-id=\"98e06d0\" data-element_type=\"widget\" data-widget_type=\"image.default\">\n\t\t\t\t<div class=\"elementor-widget-container\">\n\t\t\t\t\t\t\t\t\t\t\t\t\t\t\t<img loading=\"lazy\" decoding=\"async\" width=\"42\" height=\"42\" src=\"https:\/\/awesome-jones.82-165-171-139.plesk.page\/wp-content\/uploads\/2025\/11\/Vector-2.png\" class=\"attachment-full size-full wp-image-10142\" alt=\"\" srcset=\"https:\/\/awesome-jones.82-165-171-139.plesk.page\/wp-content\/uploads\/2025\/11\/Vector-2.png 42w, https:\/\/awesome-jones.82-165-171-139.plesk.page\/wp-content\/uploads\/2025\/11\/Vector-2-24x24.png 24w, https:\/\/awesome-jones.82-165-171-139.plesk.page\/wp-content\/uploads\/2025\/11\/Vector-2-36x36.png 36w\" sizes=\"(max-width: 42px) 100vw, 42px\" \/>\t\t\t\t\t\t\t\t\t\t\t\t\t\t\t<\/div>\n\t\t\t\t<\/div>\n\t\t\t\t<div class=\"elementor-element elementor-element-94f6361 elementor-widget__width-initial elementor-widget elementor-widget-heading\" data-id=\"94f6361\" data-element_type=\"widget\" data-widget_type=\"heading.default\">\n\t\t\t\t<div class=\"elementor-widget-container\">\n\t\t\t\t\t<div class=\"elementor-heading-title elementor-size-default\">Nous offrons des produits frais, naturels et savoureux<\/div>\t\t\t\t<\/div>\n\t\t\t\t<\/div>\n\t\t\t\t<\/div>\n\t\t\t\t<\/div>\n\t\t\t\t<\/div>\n\t\t\t\t<div class=\"elementor-element elementor-element-30b9d27 elementor-absolute elementor-widget elementor-widget-image\" data-id=\"30b9d27\" data-element_type=\"widget\" data-settings=\"{&quot;_position&quot;:&quot;absolute&quot;}\" data-widget_type=\"image.default\">\n\t\t\t\t<div class=\"elementor-widget-container\">\n\t\t\t\t\t\t\t\t\t\t\t\t\t\t\t<img loading=\"lazy\" decoding=\"async\" width=\"1103\" height=\"1034\" src=\"https:\/\/awesome-jones.82-165-171-139.plesk.page\/wp-content\/uploads\/2025\/11\/Ilustracion.png\" class=\"attachment-full size-full wp-image-10143\" alt=\"\" srcset=\"https:\/\/awesome-jones.82-165-171-139.plesk.page\/wp-content\/uploads\/2025\/11\/Ilustracion.png 1103w, https:\/\/awesome-jones.82-165-171-139.plesk.page\/wp-content\/uploads\/2025\/11\/Ilustracion-300x281.png 300w, https:\/\/awesome-jones.82-165-171-139.plesk.page\/wp-content\/uploads\/2025\/11\/Ilustracion-1024x960.png 1024w, https:\/\/awesome-jones.82-165-171-139.plesk.page\/wp-content\/uploads\/2025\/11\/Ilustracion-768x720.png 768w, https:\/\/awesome-jones.82-165-171-139.plesk.page\/wp-content\/uploads\/2025\/11\/Ilustracion-24x22.png 24w, https:\/\/awesome-jones.82-165-171-139.plesk.page\/wp-content\/uploads\/2025\/11\/Ilustracion-36x34.png 36w, https:\/\/awesome-jones.82-165-171-139.plesk.page\/wp-content\/uploads\/2025\/11\/Ilustracion-48x45.png 48w, https:\/\/awesome-jones.82-165-171-139.plesk.page\/wp-content\/uploads\/2025\/11\/Ilustracion-600x562.png 600w\" sizes=\"(max-width: 1103px) 100vw, 1103px\" \/>\t\t\t\t\t\t\t\t\t\t\t\t\t\t\t<\/div>\n\t\t\t\t<\/div>\n\t\t\t\t<\/div>\n\t\t<div class=\"elementor-element elementor-element-011d345 e-con-full e-flex e-con e-parent\" data-id=\"011d345\" data-element_type=\"container\" data-settings=\"{&quot;background_background&quot;:&quot;classic&quot;}\">\n\t\t<div class=\"elementor-element elementor-element-7be758c e-con-full e-flex e-con e-child\" data-id=\"7be758c\" data-element_type=\"container\">\n\t\t\t\t<\/div>\n\t\t<div class=\"elementor-element elementor-element-91df15d e-con-full e-flex e-con e-child\" data-id=\"91df15d\" data-element_type=\"container\">\n\t\t\t\t<div class=\"elementor-element elementor-element-79ea1f2 elementor-widget__width-initial elementor-widget elementor-widget-heading\" data-id=\"79ea1f2\" data-element_type=\"widget\" data-widget_type=\"heading.default\">\n\t\t\t\t<div class=\"elementor-widget-container\">\n\t\t\t\t\t<div class=\"elementor-heading-title elementor-size-default\">Nos marques<\/div>\t\t\t\t<\/div>\n\t\t\t\t<\/div>\n\t\t\t\t<div class=\"elementor-element elementor-element-5612a37 elementor-widget-tablet__width-initial elementor-widget elementor-widget-image\" data-id=\"5612a37\" data-element_type=\"widget\" data-widget_type=\"image.default\">\n\t\t\t\t<div class=\"elementor-widget-container\">\n\t\t\t\t\t\t\t\t\t\t\t\t\t\t\t\t<a href=\"https:\/\/awesome-jones.82-165-171-139.plesk.page\/fr\/marque-jae\/\">\n\t\t\t\t\t\t\t<img loading=\"lazy\" decoding=\"async\" width=\"438\" height=\"480\" src=\"https:\/\/awesome-jones.82-165-171-139.plesk.page\/wp-content\/uploads\/2025\/11\/ccdf52c2a35c01390a1ccbe45d4c5ca7.png\" class=\"attachment-full size-full wp-image-10194\" alt=\"\" srcset=\"https:\/\/awesome-jones.82-165-171-139.plesk.page\/wp-content\/uploads\/2025\/11\/ccdf52c2a35c01390a1ccbe45d4c5ca7.png 438w, https:\/\/awesome-jones.82-165-171-139.plesk.page\/wp-content\/uploads\/2025\/11\/ccdf52c2a35c01390a1ccbe45d4c5ca7-274x300.png 274w, https:\/\/awesome-jones.82-165-171-139.plesk.page\/wp-content\/uploads\/2025\/11\/ccdf52c2a35c01390a1ccbe45d4c5ca7-22x24.png 22w, https:\/\/awesome-jones.82-165-171-139.plesk.page\/wp-content\/uploads\/2025\/11\/ccdf52c2a35c01390a1ccbe45d4c5ca7-33x36.png 33w, https:\/\/awesome-jones.82-165-171-139.plesk.page\/wp-content\/uploads\/2025\/11\/ccdf52c2a35c01390a1ccbe45d4c5ca7-44x48.png 44w\" sizes=\"(max-width: 438px) 100vw, 438px\" \/>\t\t\t\t\t\t\t\t<\/a>\n\t\t\t\t\t\t\t\t\t\t\t\t\t\t\t<\/div>\n\t\t\t\t<\/div>\n\t\t\t\t<div class=\"elementor-element elementor-element-c0ffe9d elementor-widget-tablet__width-initial elementor-widget elementor-widget-image\" data-id=\"c0ffe9d\" data-element_type=\"widget\" data-widget_type=\"image.default\">\n\t\t\t\t<div class=\"elementor-widget-container\">\n\t\t\t\t\t\t\t\t\t\t\t\t\t\t\t\t<a href=\"https:\/\/awesome-jones.82-165-171-139.plesk.page\/fr\/marque-champion\/\">\n\t\t\t\t\t\t\t<img loading=\"lazy\" decoding=\"async\" width=\"438\" height=\"480\" src=\"https:\/\/awesome-jones.82-165-171-139.plesk.page\/wp-content\/uploads\/2025\/11\/214f465babe59deb7274a0d3fd3f0170.png\" class=\"attachment-full size-full wp-image-10217\" alt=\"\" srcset=\"https:\/\/awesome-jones.82-165-171-139.plesk.page\/wp-content\/uploads\/2025\/11\/214f465babe59deb7274a0d3fd3f0170.png 438w, https:\/\/awesome-jones.82-165-171-139.plesk.page\/wp-content\/uploads\/2025\/11\/214f465babe59deb7274a0d3fd3f0170-274x300.png 274w, https:\/\/awesome-jones.82-165-171-139.plesk.page\/wp-content\/uploads\/2025\/11\/214f465babe59deb7274a0d3fd3f0170-22x24.png 22w, https:\/\/awesome-jones.82-165-171-139.plesk.page\/wp-content\/uploads\/2025\/11\/214f465babe59deb7274a0d3fd3f0170-33x36.png 33w, https:\/\/awesome-jones.82-165-171-139.plesk.page\/wp-content\/uploads\/2025\/11\/214f465babe59deb7274a0d3fd3f0170-44x48.png 44w\" sizes=\"(max-width: 438px) 100vw, 438px\" \/>\t\t\t\t\t\t\t\t<\/a>\n\t\t\t\t\t\t\t\t\t\t\t\t\t\t\t<\/div>\n\t\t\t\t<\/div>\n\t\t\t\t<\/div>\n\t\t<div class=\"elementor-element elementor-element-941c5a0 e-con-full e-flex e-con e-child\" data-id=\"941c5a0\" data-element_type=\"container\">\n\t\t\t\t<\/div>\n\t\t\t\t<\/div>\n\t\t\t\t<\/div>\n\t\t","protected":false},"excerpt":{"rendered":"<p>L&rsquo;authentique saveur du potager navarrais Une tradition qui se ressent \u00e0 chaque bouch\u00e9e Gvtarra est n\u00e9e de l&rsquo;amour pour notre terre, la Navarre. Nous s\u00e9lectionnons les meilleurs l\u00e9gumes pour apporter \u00e0 votre table des conserves qui maintiennent intacts la saveur, la texture et les nutriments du produit fra\u00eechement r\u00e9colt\u00e9. Gvtarra est synonyme de qualit\u00e9, de [&hellip;]<\/p>\n","protected":false},"author":22,"featured_media":0,"parent":0,"menu_order":0,"comment_status":"closed","ping_status":"closed","template":"","meta":{"footnotes":""},"class_list":["post-10218","page","type-page","status-publish","hentry"],"_links":{"self":[{"href":"https:\/\/awesome-jones.82-165-171-139.plesk.page\/fr\/wp-json\/wp\/v2\/pages\/10218","targetHints":{"allow":["GET"]}}],"collection":[{"href":"https:\/\/awesome-jones.82-165-171-139.plesk.page\/fr\/wp-json\/wp\/v2\/pages"}],"about":[{"href":"https:\/\/awesome-jones.82-165-171-139.plesk.page\/fr\/wp-json\/wp\/v2\/types\/page"}],"author":[{"embeddable":true,"href":"https:\/\/awesome-jones.82-165-171-139.plesk.page\/fr\/wp-json\/wp\/v2\/users\/22"}],"replies":[{"embeddable":true,"href":"https:\/\/awesome-jones.82-165-171-139.plesk.page\/fr\/wp-json\/wp\/v2\/comments?post=10218"}],"version-history":[{"count":3,"href":"https:\/\/awesome-jones.82-165-171-139.plesk.page\/fr\/wp-json\/wp\/v2\/pages\/10218\/revisions"}],"predecessor-version":[{"id":11092,"href":"https:\/\/awesome-jones.82-165-171-139.plesk.page\/fr\/wp-json\/wp\/v2\/pages\/10218\/revisions\/11092"}],"wp:attachment":[{"href":"https:\/\/awesome-jones.82-165-171-139.plesk.page\/fr\/wp-json\/wp\/v2\/media?parent=10218"}],"curies":[{"name":"wp","href":"https:\/\/api.w.org\/{rel}","templated":true}]}}